{"id":8242,"date":"2022-10-10T15:12:26","date_gmt":"2022-10-10T15:12:26","guid":{"rendered":"https:\/\/renosans.arsdijital.com\/?page_id=8242"},"modified":"2025-01-09T12:25:17","modified_gmt":"2025-01-09T12:25:17","slug":"we-all-need-resonans","status":"publish","type":"page","link":"https:\/\/renosans.com.tr\/en\/we-all-need-resonans\/","title":{"rendered":"We All Need Resonans!"},"content":{"rendered":"\t\t<div data-elementor-type=\"wp-page\" data-elementor-id=\"8242\" class=\"elementor elementor-8242\">\n\t\t\t\t\t\t<section class=\"wavo-column-gap-default elementor-section elementor-top-section elementor-element elementor-element-2e6a49d elementor-section-stretched nt-section section-padding elementor-section-boxed elementor-section-height-default elementor-section-height-default\" data-id=\"2e6a49d\" data-element_type=\"section\" data-settings=\"{&quot;stretch_section&quot;:&quot;section-stretched&quot;,&quot;background_background&quot;:&quot;classic&quot;}\">\n\t\t\t\t\t\t<div class=\"elementor-container elementor-column-gap-default\">\n\t\t\t\t\t<div class=\"elementor-column elementor-col-100 elementor-top-column elementor-element elementor-element-e028e10\" data-id=\"e028e10\" data-element_type=\"column\">\n\t\t\t<div class=\"elementor-widget-wrap\">\n\t\t\t\t\t\t\t<\/div>\n\t\t<\/div>\n\t\t\t\t\t<\/div>\n\t\t<\/section>\n\t\t\t\t<section class=\"wavo-column-gap-default elementor-section elementor-top-section elementor-element elementor-element-282003a elementor-section-boxed elementor-section-height-default elementor-section-height-default\" data-id=\"282003a\" data-element_type=\"section\">\n\t\t\t\t\t\t<div class=\"elementor-container elementor-column-gap-default\">\n\t\t\t\t\t<div class=\"elementor-column elementor-col-100 elementor-top-column elementor-element elementor-element-88fc337\" data-id=\"88fc337\" data-element_type=\"column\">\n\t\t\t<div class=\"elementor-widget-wrap elementor-element-populated\">\n\t\t\t\t\t\t<div class=\"elementor-element elementor-element-5592b7e wavo-transform transform-type-translate elementor-widget elementor-widget-heading\" data-id=\"5592b7e\" data-element_type=\"widget\" data-widget_type=\"heading.default\">\n\t\t\t\t<div class=\"elementor-widget-container\">\n\t\t\t<h1 class=\"elementor-heading-title elementor-size-default\">We All Need Renonans!<\/h1>\t\t<\/div>\n\t\t\t\t<\/div>\n\t\t\t\t<div class=\"elementor-element elementor-element-91dd9c9 wavo-transform transform-type-translate elementor-widget elementor-widget-heading\" data-id=\"91dd9c9\" data-element_type=\"widget\" data-widget_type=\"heading.default\">\n\t\t\t\t<div class=\"elementor-widget-container\">\n\t\t\t<h2 class=\"elementor-heading-title elementor-size-default\">We initially aimed to introduce a brand new and different perspective to the sector in every aspect, with the motto far from \u201cUsual Stuff\u201d. In the past 6 years, we proceed with the journey of Renosans Istanbul with the happiness of our team, the great appreciations we get from our customers and our works that turned into a separate success story, one after another. When we designed Renosans on a philosophy, we planned it to mean: a. Introduce the effect of renewal, recovery and recall that sparkled with Renosans to the advertising sector. b. Interpret the reflection in a new way. c. Principle, basic thought, fundamental belief, basis, element, motto. The philosophy of Renosans is based on achieving development and  happiness of its team and serving as a reliable \"solution partner\" trusted by its customers who share its happiness and to succeed in becoming the first word of new things to be spelled out.<\/h2>\t\t<\/div>\n\t\t\t\t<\/div>\n\t\t\t\t\t<\/div>\n\t\t<\/div>\n\t\t\t\t\t<\/div>\n\t\t<\/section>\n\t\t\t\t<section class=\"wavo-column-gap-default elementor-section elementor-top-section elementor-element elementor-element-d02265f elementor-section-boxed elementor-section-height-default elementor-section-height-default\" data-id=\"d02265f\" data-element_type=\"section\">\n\t\t\t\t\t\t<div class=\"elementor-container elementor-column-gap-default\">\n\t\t\t\t\t<div class=\"elementor-column elementor-col-100 elementor-top-column elementor-element elementor-element-649f46c\" data-id=\"649f46c\" data-element_type=\"column\">\n\t\t\t<div class=\"elementor-widget-wrap elementor-element-populated\">\n\t\t\t\t\t\t<div class=\"elementor-element elementor-element-5967c08 elementor-widget elementor-widget-image\" data-id=\"5967c08\" data-element_type=\"widget\" data-widget_type=\"image.default\">\n\t\t\t\t<div class=\"elementor-widget-container\">\n\t\t\t\t\t\t\t\t\t\t\t\t\t<img fetchpriority=\"high\" decoding=\"async\" width=\"960\" height=\"343\" src=\"https:\/\/renosans.com.tr\/en\/wp-content\/uploads\/2022\/10\/renosans-istanbul-sedat-tunc-blog-2022-1024x366.webp\" class=\"attachment-large size-large wp-image-8605\" alt=\"\" srcset=\"https:\/\/renosans.com.tr\/en\/wp-content\/uploads\/2022\/10\/renosans-istanbul-sedat-tunc-blog-2022-1024x366.webp 1024w, https:\/\/renosans.com.tr\/en\/wp-content\/uploads\/2022\/10\/renosans-istanbul-sedat-tunc-blog-2022-300x107.webp 300w, https:\/\/renosans.com.tr\/en\/wp-content\/uploads\/2022\/10\/renosans-istanbul-sedat-tunc-blog-2022-768x274.webp 768w, https:\/\/renosans.com.tr\/en\/wp-content\/uploads\/2022\/10\/renosans-istanbul-sedat-tunc-blog-2022-1536x549.webp 1536w, https:\/\/renosans.com.tr\/en\/wp-content\/uploads\/2022\/10\/renosans-istanbul-sedat-tunc-blog-2022-500x179.webp 500w, https:\/\/renosans.com.tr\/en\/wp-content\/uploads\/2022\/10\/renosans-istanbul-sedat-tunc-blog-2022.webp 1920w\" sizes=\"(max-width: 960px) 100vw, 960px\" \/>\t\t\t\t\t\t\t\t\t\t\t\t\t<\/div>\n\t\t\t\t<\/div>\n\t\t\t\t<div class=\"elementor-element elementor-element-eeb5a33 wavo-transform transform-type-translate elementor-widget elementor-widget-heading\" data-id=\"eeb5a33\" data-element_type=\"widget\" data-widget_type=\"heading.default\">\n\t\t\t\t<div class=\"elementor-widget-container\">\n\t\t\t<h2 class=\"elementor-heading-title elementor-size-default\">We didn't necessarily mean to be an agency whose employees weren't happy. What we longed for was that we wished happiness for all of us, with no exception of a single person. We knew that the insipidity of same o\u2019 same o\u2019 make the consumers, advertisers and the world of advertising feel extremely bored. So, we established Renosans far from \u201cUsual Stuff\u201d, bearing in mind that driving and pushing the weary uphill would no longer be any of help to anyone. <\/h2>\t\t<\/div>\n\t\t\t\t<\/div>\n\t\t\t\t<div class=\"elementor-element elementor-element-445e818 wavo-transform transform-type-translate elementor-widget elementor-widget-heading\" data-id=\"445e818\" data-element_type=\"widget\" data-widget_type=\"heading.default\">\n\t\t\t\t<div class=\"elementor-widget-container\">\n\t\t\t<h2 class=\"elementor-heading-title elementor-size-default\">We now add Renosans of our team, to our success stories that we depict as the Renosans of our brands. We're all human and we're all very precious. With the value and respect that we attach to each other, we know that every job we do is successful and every moment we live will be very happy. So, here is what we call out: We all need Renosans...<\/h2>\t\t<\/div>\n\t\t\t\t<\/div>\n\t\t\t\t<div class=\"elementor-element elementor-element-84a99b4 wavo-transform transform-type-translate elementor-widget elementor-widget-heading\" data-id=\"84a99b4\" data-element_type=\"widget\" data-widget_type=\"heading.default\">\n\t\t\t\t<div class=\"elementor-widget-container\">\n\t\t\t<h1 class=\"elementor-heading-title elementor-size-default\">Sedat Tun\u00e7<\/h1>\t\t<\/div>\n\t\t\t\t<\/div>\n\t\t\t\t<div class=\"elementor-element elementor-element-c2efe4b wavo-transform transform-type-translate elementor-widget elementor-widget-heading\" data-id=\"c2efe4b\" data-element_type=\"widget\" data-widget_type=\"heading.default\">\n\t\t\t\t<div class=\"elementor-widget-container\">\n\t\t\t<h1 class=\"elementor-heading-title elementor-size-default\">Head of Agency<\/h1>\t\t<\/div>\n\t\t\t\t<\/div>\n\t\t\t\t\t<\/div>\n\t\t<\/div>\n\t\t\t\t\t<\/div>\n\t\t<\/section>\n\t\t\t\t<section class=\"wavo-column-gap-default elementor-section elementor-top-section elementor-element elementor-element-fc7b1e1 elementor-section-height-min-height elementor-section-content-middle elementor-section-boxed elementor-section-height-default elementor-section-items-middle\" data-id=\"fc7b1e1\" data-element_type=\"section\" data-settings=\"{&quot;background_background&quot;:&quot;classic&quot;}\">\n\t\t\t\t\t\t\t<div class=\"elementor-background-overlay\"><\/div>\n\t\t\t\t\t\t\t<div class=\"elementor-container elementor-column-gap-default\">\n\t\t\t\t\t<div class=\"elementor-column elementor-col-33 elementor-top-column elementor-element elementor-element-7f34b58\" data-id=\"7f34b58\" data-element_type=\"column\">\n\t\t\t<div class=\"elementor-widget-wrap elementor-element-populated\">\n\t\t\t\t\t\t<div class=\"elementor-element elementor-element-fbfc4ef elementor-widget elementor-widget-image\" data-id=\"fbfc4ef\" data-element_type=\"widget\" data-widget_type=\"image.default\">\n\t\t\t\t<div class=\"elementor-widget-container\">\n\t\t\t\t\t\t\t\t\t\t\t\t\t\t<a href=\"https:\/\/renosans.com.tr\/en\/\">\n\t\t\t\t\t\t\t<img decoding=\"async\" width=\"1630\" height=\"289\" src=\"https:\/\/renosans.com.tr\/en\/wp-content\/uploads\/2022\/10\/renosans-beyaz-logo-footer.webp\" class=\"attachment-full size-full wp-image-8635\" alt=\"\" srcset=\"https:\/\/renosans.com.tr\/en\/wp-content\/uploads\/2022\/10\/renosans-beyaz-logo-footer.webp 1630w, https:\/\/renosans.com.tr\/en\/wp-content\/uploads\/2022\/10\/renosans-beyaz-logo-footer-300x53.webp 300w, https:\/\/renosans.com.tr\/en\/wp-content\/uploads\/2022\/10\/renosans-beyaz-logo-footer-1024x182.webp 1024w, https:\/\/renosans.com.tr\/en\/wp-content\/uploads\/2022\/10\/renosans-beyaz-logo-footer-768x136.webp 768w, https:\/\/renosans.com.tr\/en\/wp-content\/uploads\/2022\/10\/renosans-beyaz-logo-footer-1536x272.webp 1536w, https:\/\/renosans.com.tr\/en\/wp-content\/uploads\/2022\/10\/renosans-beyaz-logo-footer-500x89.webp 500w\" sizes=\"(max-width: 1630px) 100vw, 1630px\" loading=\"lazy\" \/>\t\t\t\t\t\t\t\t<\/a>\n\t\t\t\t\t\t\t\t\t\t\t\t\t<\/div>\n\t\t\t\t<\/div>\n\t\t\t\t<div class=\"elementor-element elementor-element-e93a60d elementor-shape-circle e-grid-align-left elementor-widget__width-inherit elementor-grid-0 elementor-widget elementor-widget-social-icons\" data-id=\"e93a60d\" data-element_type=\"widget\" data-widget_type=\"social-icons.default\">\n\t\t\t\t<div class=\"elementor-widget-container\">\n\t\t\t\t\t<div class=\"elementor-social-icons-wrapper elementor-grid\">\n\t\t\t\t\t\t\t<span class=\"elementor-grid-item\">\n\t\t\t\t\t<a class=\"elementor-icon elementor-social-icon elementor-social-icon-linkedin-in elementor-repeater-item-e17db95\" href=\"https:\/\/www.linkedin.com\/company\/18919988\/admin\/\" target=\"_blank\">\n\t\t\t\t\t\t<span class=\"elementor-screen-only\">Linkedin-in<\/span>\n\t\t\t\t\t\t<i class=\"fab fa-linkedin-in\"><\/i>\t\t\t\t\t<\/a>\n\t\t\t\t<\/span>\n\t\t\t\t\t\t\t<span class=\"elementor-grid-item\">\n\t\t\t\t\t<a class=\"elementor-icon elementor-social-icon elementor-social-icon-youtube elementor-repeater-item-205a59d\" href=\"https:\/\/www.youtube.com\/c\/Renosans%C4%B0stanbul\/videos\" target=\"_blank\">\n\t\t\t\t\t\t<span class=\"elementor-screen-only\">Youtube<\/span>\n\t\t\t\t\t\t<i class=\"fab fa-youtube\"><\/i>\t\t\t\t\t<\/a>\n\t\t\t\t<\/span>\n\t\t\t\t\t\t\t<span class=\"elementor-grid-item\">\n\t\t\t\t\t<a class=\"elementor-icon elementor-social-icon elementor-social-icon-instagram elementor-repeater-item-2c75c6c\" href=\"https:\/\/www.instagram.com\/renosansistanbul\/?hl=tr\" target=\"_blank\">\n\t\t\t\t\t\t<span class=\"elementor-screen-only\">Instagram<\/span>\n\t\t\t\t\t\t<i class=\"fab fa-instagram\"><\/i>\t\t\t\t\t<\/a>\n\t\t\t\t<\/span>\n\t\t\t\t\t\t\t<span class=\"elementor-grid-item\">\n\t\t\t\t\t<a class=\"elementor-icon elementor-social-icon elementor-social-icon-twitter elementor-repeater-item-53cc6ad\" href=\"https:\/\/twitter.com\/Renosans_ist\" target=\"_blank\">\n\t\t\t\t\t\t<span class=\"elementor-screen-only\">Twitter<\/span>\n\t\t\t\t\t\t<i class=\"fab fa-twitter\"><\/i>\t\t\t\t\t<\/a>\n\t\t\t\t<\/span>\n\t\t\t\t\t\t\t<span class=\"elementor-grid-item\">\n\t\t\t\t\t<a class=\"elementor-icon elementor-social-icon elementor-social-icon-facebook-f elementor-repeater-item-9dd10d8\" href=\"https:\/\/www.facebook.com\/renosansistanbul\" target=\"_blank\">\n\t\t\t\t\t\t<span class=\"elementor-screen-only\">Facebook-f<\/span>\n\t\t\t\t\t\t<i class=\"fab fa-facebook-f\"><\/i>\t\t\t\t\t<\/a>\n\t\t\t\t<\/span>\n\t\t\t\t\t<\/div>\n\t\t\t\t<\/div>\n\t\t\t\t<\/div>\n\t\t\t\t<div class=\"elementor-element elementor-element-48370ab wavo-transform transform-type-translate elementor-widget elementor-widget-heading\" data-id=\"48370ab\" data-element_type=\"widget\" data-widget_type=\"heading.default\">\n\t\t\t\t<div class=\"elementor-widget-container\">\n\t\t\t<p class=\"elementor-heading-title elementor-size-default\">Renosans of Advertising Sector<br>The agency far from \u201cUsual Stuff\"...<\/p>\t\t<\/div>\n\t\t\t\t<\/div>\n\t\t\t\t<div class=\"elementor-element elementor-element-3cb4113 wavo-transform transform-type-translate elementor-widget elementor-widget-heading\" data-id=\"3cb4113\" data-element_type=\"widget\" data-widget_type=\"heading.default\">\n\t\t\t\t<div class=\"elementor-widget-container\">\n\t\t\t<p class=\"elementor-heading-title elementor-size-default\"><a href=\"https:\/\/renosans.com.tr\/en\/privacy-act-acknowledgement\/\">Privacy Policy<\/a><\/p>\t\t<\/div>\n\t\t\t\t<\/div>\n\t\t\t\t<div class=\"elementor-element elementor-element-817395e wavo-transform transform-type-translate elementor-widget elementor-widget-heading\" data-id=\"817395e\" data-element_type=\"widget\" data-widget_type=\"heading.default\">\n\t\t\t\t<div class=\"elementor-widget-container\">\n\t\t\t<p class=\"elementor-heading-title elementor-size-default\">\u00a9 2022 Renosans Istanbul. All rights reserved.<\/p>\t\t<\/div>\n\t\t\t\t<\/div>\n\t\t\t\t\t<\/div>\n\t\t<\/div>\n\t\t\t\t<div class=\"elementor-column elementor-col-33 elementor-top-column elementor-element elementor-element-7ba6338 elementor-hidden-mobile\" data-id=\"7ba6338\" data-element_type=\"column\">\n\t\t\t<div class=\"elementor-widget-wrap elementor-element-populated\">\n\t\t\t\t\t\t<div class=\"elementor-element elementor-element-f54b841 wavo-transform transform-type-translate elementor-widget elementor-widget-heading\" data-id=\"f54b841\" data-element_type=\"widget\" data-widget_type=\"heading.default\">\n\t\t\t\t<div class=\"elementor-widget-container\">\n\t\t\t<h2 class=\"elementor-heading-title elementor-size-default\"><a href=\"https:\/\/renosans.com.tr\/en\/about-us\/\">About Us<\/a><\/h2>\t\t<\/div>\n\t\t\t\t<\/div>\n\t\t\t\t<div class=\"elementor-element elementor-element-e07540d wavo-transform transform-type-translate elementor-widget elementor-widget-heading\" data-id=\"e07540d\" data-element_type=\"widget\" data-widget_type=\"heading.default\">\n\t\t\t\t<div class=\"elementor-widget-container\">\n\t\t\t<h2 class=\"elementor-heading-title elementor-size-default\"><a href=\"https:\/\/renosans.com.tr\/en\/our-works\/\">Our Works<\/a><\/h2>\t\t<\/div>\n\t\t\t\t<\/div>\n\t\t\t\t<div class=\"elementor-element elementor-element-001ed02 wavo-transform transform-type-translate elementor-widget elementor-widget-heading\" data-id=\"001ed02\" data-element_type=\"widget\" data-widget_type=\"heading.default\">\n\t\t\t\t<div class=\"elementor-widget-container\">\n\t\t\t<h2 class=\"elementor-heading-title elementor-size-default\"><a href=\"https:\/\/renosans.com.tr\/en\/our-team\/\">Our Team<\/a><\/h2>\t\t<\/div>\n\t\t\t\t<\/div>\n\t\t\t\t<div class=\"elementor-element elementor-element-f674242 wavo-transform transform-type-translate elementor-widget elementor-widget-heading\" data-id=\"f674242\" data-element_type=\"widget\" data-widget_type=\"heading.default\">\n\t\t\t\t<div class=\"elementor-widget-container\">\n\t\t\t<h2 class=\"elementor-heading-title elementor-size-default\"><a href=\"https:\/\/renosans.com.tr\/en\/contact-us\/\">Contact Us<\/a><\/h2>\t\t<\/div>\n\t\t\t\t<\/div>\n\t\t\t\t\t<\/div>\n\t\t<\/div>\n\t\t\t\t<div class=\"elementor-column elementor-col-33 elementor-top-column elementor-element elementor-element-b79bd28\" data-id=\"b79bd28\" data-element_type=\"column\">\n\t\t\t<div class=\"elementor-widget-wrap elementor-element-populated\">\n\t\t\t\t\t\t<div class=\"elementor-element elementor-element-58d9683 elementor-icon-list--layout-inline elementor-list-item-link-full_width elementor-widget elementor-widget-icon-list\" data-id=\"58d9683\" data-element_type=\"widget\" data-widget_type=\"icon-list.default\">\n\t\t\t\t<div class=\"elementor-widget-container\">\n\t\t\t\t\t<ul class=\"elementor-icon-list-items elementor-inline-items\">\n\t\t\t\t\t\t\t<li class=\"elementor-icon-list-item elementor-inline-item\">\n\t\t\t\t\t\t\t\t\t\t\t<a href=\"https:\/\/goo.gl\/maps\/oGcnd5SZsAY1vqDz6\" target=\"_blank\">\n\n\t\t\t\t\t\t\t\t\t\t\t<span class=\"elementor-icon-list-text\">Address:<br>Burhaniye, Abdullaha\u011fa Caddesi<br>No: 118 \u00dcsk\u00fcdar, \u0130stanbul<\/span>\n\t\t\t\t\t\t\t\t\t\t\t<\/a>\n\t\t\t\t\t\t\t\t\t<\/li>\n\t\t\t\t\t\t<\/ul>\n\t\t\t\t<\/div>\n\t\t\t\t<\/div>\n\t\t\t\t<div class=\"elementor-element elementor-element-d195427 elementor-icon-list--layout-inline elementor-list-item-link-full_width elementor-widget elementor-widget-icon-list\" data-id=\"d195427\" data-element_type=\"widget\" data-widget_type=\"icon-list.default\">\n\t\t\t\t<div class=\"elementor-widget-container\">\n\t\t\t\t\t<ul class=\"elementor-icon-list-items elementor-inline-items\">\n\t\t\t\t\t\t\t<li class=\"elementor-icon-list-item elementor-inline-item\">\n\t\t\t\t\t\t\t\t\t\t\t<a href=\"tel:902122276377\">\n\n\t\t\t\t\t\t\t\t\t\t\t<span class=\"elementor-icon-list-text\">Phone:<br>+90 212 227 63 77<\/span>\n\t\t\t\t\t\t\t\t\t\t\t<\/a>\n\t\t\t\t\t\t\t\t\t<\/li>\n\t\t\t\t\t\t<\/ul>\n\t\t\t\t<\/div>\n\t\t\t\t<\/div>\n\t\t\t\t<div class=\"elementor-element elementor-element-ec33c0c elementor-icon-list--layout-inline elementor-list-item-link-full_width elementor-widget elementor-widget-icon-list\" data-id=\"ec33c0c\" data-element_type=\"widget\" data-widget_type=\"icon-list.default\">\n\t\t\t\t<div class=\"elementor-widget-container\">\n\t\t\t\t\t<ul class=\"elementor-icon-list-items elementor-inline-items\">\n\t\t\t\t\t\t\t<li class=\"elementor-icon-list-item elementor-inline-item\">\n\t\t\t\t\t\t\t\t\t\t\t<a href=\"mailto:bilgi@renosans.com.tr\">\n\n\t\t\t\t\t\t\t\t\t\t\t<span class=\"elementor-icon-list-text\">bilgi@renosans.com.tr<\/span>\n\t\t\t\t\t\t\t\t\t\t\t<\/a>\n\t\t\t\t\t\t\t\t\t<\/li>\n\t\t\t\t\t\t<\/ul>\n\t\t\t\t<\/div>\n\t\t\t\t<\/div>\n\t\t\t\t<div class=\"elementor-element elementor-element-4adc12e elementor-icon-list--layout-inline elementor-list-item-link-full_width elementor-widget elementor-widget-icon-list\" data-id=\"4adc12e\" data-element_type=\"widget\" data-widget_type=\"icon-list.default\">\n\t\t\t\t<div class=\"elementor-widget-container\">\n\t\t\t\t\t<ul class=\"elementor-icon-list-items elementor-inline-items\">\n\t\t\t\t\t\t\t<li class=\"elementor-icon-list-item elementor-inline-item\">\n\t\t\t\t\t\t\t\t\t\t\t<a href=\"mailto:kariyer@renosans.com.tr\">\n\n\t\t\t\t\t\t\t\t\t\t\t<span class=\"elementor-icon-list-text\">kariyer@renosans.com.tr<\/span>\n\t\t\t\t\t\t\t\t\t\t\t<\/a>\n\t\t\t\t\t\t\t\t\t<\/li>\n\t\t\t\t\t\t<\/ul>\n\t\t\t\t<\/div>\n\t\t\t\t<\/div>\n\t\t\t\t\t<\/div>\n\t\t<\/div>\n\t\t\t\t\t<\/div>\n\t\t<\/section>\n\t\t\t\t<section class=\"wavo-column-gap-default elementor-section elementor-top-section elementor-element elementor-element-879d4b5 elementor-section-content-middle elementor-section-full_width elementor-section-height-default elementor-section-height-default\" data-id=\"879d4b5\" data-element_type=\"section\" data-settings=\"{&quot;background_background&quot;:&quot;classic&quot;}\">\n\t\t\t\t\t\t\t<div class=\"elementor-background-overlay\"><\/div>\n\t\t\t\t\t\t\t<div class=\"elementor-container elementor-column-gap-default\">\n\t\t\t\t\t<div class=\"elementor-column elementor-col-100 elementor-top-column elementor-element elementor-element-5fc5b47\" data-id=\"5fc5b47\" data-element_type=\"column\">\n\t\t\t<div class=\"elementor-widget-wrap elementor-element-populated\">\n\t\t\t\t\t\t<div class=\"elementor-element elementor-element-352c97d elementor-icon-list--layout-inline elementor-align-center elementor-list-item-link-full_width elementor-widget elementor-widget-icon-list\" data-id=\"352c97d\" data-element_type=\"widget\" data-widget_type=\"icon-list.default\">\n\t\t\t\t<div class=\"elementor-widget-container\">\n\t\t\t\t\t<ul class=\"elementor-icon-list-items elementor-inline-items\">\n\t\t\t\t\t\t\t<li class=\"elementor-icon-list-item elementor-inline-item\">\n\t\t\t\t\t\t\t\t\t\t\t<a href=\"https:\/\/arsdijital.com\/\">\n\n\t\t\t\t\t\t\t\t\t\t\t<span class=\"elementor-icon-list-text\">| Web Designer ARS Digital Media | <\/span>\n\t\t\t\t\t\t\t\t\t\t\t<\/a>\n\t\t\t\t\t\t\t\t\t<\/li>\n\t\t\t\t\t\t<\/ul>\n\t\t\t\t<\/div>\n\t\t\t\t<\/div>\n\t\t\t\t\t<\/div>\n\t\t<\/div>\n\t\t\t\t\t<\/div>\n\t\t<\/section>\n\t\t\t\t<\/div>\n\t\t","protected":false},"excerpt":{"rendered":"<p>We All Need Renonans! We initially aimed to introduce a brand new and different perspective to the sector in every aspect, with the motto far from \u201cUsual Stuff\u201d. In the past 6 years, we proceed with the journey of Renosans Istanbul with the happiness of our team, the great appreciations we get from our customers&#8230;<\/p>\n","protected":false},"author":1,"featured_media":0,"parent":0,"menu_order":0,"comment_status":"closed","ping_status":"closed","template":"wavo-elementor-page.php","meta":{"_acf_changed":false,"footnotes":""},"class_list":{"0":"post-8242","1":"page","2":"type-page","3":"status-publish","4":"hentry","5":"nt-post-class","6":"","7":"thumb-none","9":"excerpt-none"},"acf":[],"_links":{"self":[{"href":"https:\/\/renosans.com.tr\/en\/wp-json\/wp\/v2\/pages\/8242","targetHints":{"allow":["GET"]}}],"collection":[{"href":"https:\/\/renosans.com.tr\/en\/wp-json\/wp\/v2\/pages"}],"about":[{"href":"https:\/\/renosans.com.tr\/en\/wp-json\/wp\/v2\/types\/page"}],"author":[{"embeddable":true,"href":"https:\/\/renosans.com.tr\/en\/wp-json\/wp\/v2\/users\/1"}],"replies":[{"embeddable":true,"href":"https:\/\/renosans.com.tr\/en\/wp-json\/wp\/v2\/comments?post=8242"}],"version-history":[{"count":53,"href":"https:\/\/renosans.com.tr\/en\/wp-json\/wp\/v2\/pages\/8242\/revisions"}],"predecessor-version":[{"id":9562,"href":"https:\/\/renosans.com.tr\/en\/wp-json\/wp\/v2\/pages\/8242\/revisions\/9562"}],"wp:attachment":[{"href":"https:\/\/renosans.com.tr\/en\/wp-json\/wp\/v2\/media?parent=8242"}],"curies":[{"name":"wp","href":"https:\/\/api.w.org\/{rel}","templated":true}]}}